{"id":58,"date":"2022-08-19T12:46:17","date_gmt":"2022-08-19T12:46:17","guid":{"rendered":"http:\/\/51.91.127.105\/calfergrup\/?page_id=58"},"modified":"2023-02-13T16:16:10","modified_gmt":"2023-02-13T16:16:10","slug":"contacto","status":"publish","type":"page","link":"http:\/\/51.91.127.105\/calfergrup\/contacto\/","title":{"rendered":"CONTACTO"},"content":{"rendered":"\n<section class=\"contact-section\">\n    <div class=\"row clearfix\">\n        <!--Contact Info-->\n         <div class=\"contact-info col-md-4 col-sm-6 col-xs-12\">\n            <div class=\"inner\">\n                <div class=\"icon-box\">\n                    <span class=\"flaticon-pin-1\"><\/span>\n                <\/div>\n                <h3>Nuestra direcci\u00f3n<\/h3>\n                <div class=\"text\">Carrer los Naranjos, 44, 46 <br> L&#8217;Hospitalet de Llobregat, Barcelona<\/div>\n            <\/div>\n        <\/div>\n        <!--Contact Info-->\n          <div class=\"contact-info col-md-4 col-sm-6 col-xs-12\">\n            <div class=\"inner\">\n                <div class=\"icon-box\">\n                    <span class=\"flaticon-headset\"><\/span>\n                <\/div>\n                <h3>Tel\u00e9fono &amp; Email<\/h3>\n                <div class=\"text\">(34) 93 437 07 86<br> calfergrup@calfergrup.com<\/div>\n            <\/div>\n        <\/div>\n        \n        <!--Contact Info-->\n         <div class=\"contact-info col-md-4 col-sm-6 col-xs-12\">\n            <div class=\"inner\">\n                <div class=\"icon-box\">\n                    <span class=\"flaticon-share-1\"><\/span>\n                <\/div>\n                <h3>S\u00edguenos<\/h3>\n                <div class=\"text\">Encu\u00e9ntranos en las redes sociales<\/div>\n\n                <div class=\"social-icon-three clearfix\">\n                    <a href=\"#\"><span class=\"fa fa-facebook\"><\/span><\/a>\n                    <a href=\"#\"><span class=\"fa fa-instagram\"><\/span><\/a>\n                    <!--<a href=\"http:\/\/www.example.com\"><span class=\"fa fa-pinterest\"><\/span><\/a>-->\n                <\/div>\n\n            <\/div>\n        <\/div>\n    <\/div>\n    \n<\/section>\n\n\n\n<div class=\"row clearfix\">\n    <div class=\"column col-md-7 col-sm-12 col-xs-12\">\n        <div class=\"wp-block-contact-form-7-contact-form-selector\">\n<div class=\"wpcf7 no-js\" id=\"wpcf7-f79-o1\" lang=\"es-ES\" dir=\"ltr\">\n<div class=\"screen-reader-response\"><p role=\"status\" aria-live=\"polite\" aria-atomic=\"true\"><\/p> <ul><\/ul><\/div>\n<form action=\"\/calfergrup\/wp-json\/wp\/v2\/pages\/58#wpcf7-f79-o1\" method=\"post\" class=\"wpcf7-form init\" aria-label=\"Formulario de contacto\" novalidate=\"novalidate\" data-status=\"init\">\n<div style=\"display: none;\">\n<input type=\"hidden\" name=\"_wpcf7\" value=\"79\" \/>\n<input type=\"hidden\" name=\"_wpcf7_version\" value=\"5.7.6\" \/>\n<input type=\"hidden\" name=\"_wpcf7_locale\" value=\"es_ES\" \/>\n<input type=\"hidden\" name=\"_wpcf7_unit_tag\" value=\"wpcf7-f79-o1\" \/>\n<input type=\"hidden\" name=\"_wpcf7_container_post\" value=\"0\" \/>\n<input type=\"hidden\" name=\"_wpcf7_posted_data_hash\" value=\"\" \/>\n<\/div>\n<p><label> Tu nombre<br \/>\n<span class=\"wpcf7-form-control-wrap\" data-name=\"your-name\"><input size=\"40\" class=\"wpcf7-form-control wpcf7-text wpcf7-validates-as-required\" aria-required=\"true\" aria-invalid=\"false\" value=\"\" type=\"text\" name=\"your-name\" \/><\/span> <\/label>\n<\/p>\n<p><label> Tu correo electr\u00f3nico<br \/>\n<span class=\"wpcf7-form-control-wrap\" data-name=\"your-email\"><input size=\"40\" class=\"wpcf7-form-control wpcf7-text wpcf7-email wpcf7-validates-as-required wpcf7-validates-as-email\" aria-required=\"true\" aria-invalid=\"false\" value=\"\" type=\"email\" name=\"your-email\" \/><\/span> <\/label>\n<\/p>\n<p><label> Asunto<br \/>\n<span class=\"wpcf7-form-control-wrap\" data-name=\"your-subject\"><input size=\"40\" class=\"wpcf7-form-control wpcf7-text wpcf7-validates-as-required\" aria-required=\"true\" aria-invalid=\"false\" value=\"\" type=\"text\" name=\"your-subject\" \/><\/span> <\/label>\n<\/p>\n<p><label> Tu mensaje (opcional)<br \/>\n<span class=\"wpcf7-form-control-wrap\" data-name=\"your-message\"><textarea cols=\"40\" rows=\"10\" class=\"wpcf7-form-control wpcf7-textarea\" aria-invalid=\"false\" name=\"your-message\"><\/textarea><\/span> <\/label>\n<\/p>\n<p><span class=\"wpcf7-form-control-wrap\" data-name=\"acceptance-71\"><span class=\"wpcf7-form-control wpcf7-acceptance\"><span class=\"wpcf7-list-item\"><label><input type=\"checkbox\" name=\"acceptance-71\" value=\"1\" class=\"politica-privacidad-contacto\" aria-invalid=\"false\" \/><span class=\"wpcf7-list-item-label\">Acepto la  <a href=\"http:\/\/51.91.127.105\/calfergrup\/politica-privacidad\/\">\n             pol\u00edtica de privacidad<\/a><\/span><\/label><\/span><\/span><\/span>\n<\/p>\n<p><input class=\"wpcf7-form-control has-spinner wpcf7-submit\" type=\"submit\" value=\"Enviar\" \/>\n<\/p><div class=\"wpcf7-response-output\" aria-hidden=\"true\"><\/div>\n<\/form>\n<\/div>\n<\/div>\n    <\/div>\n\n    <div class=\"column col-md-5 col-sm-12 col-xs-12\">\n        <div class=\"contact-content contacto-pregunta\">\n            <h3>\u00bfTienes alguna pregunta sobre nosotros?<\/h3>\n            <div class=\"text\" style=\"margin-top:20px;\">                \n                <p style=\"font-family: 'Roboto', Sans-serif;font-size: 16px;font-weight: 400;line-height: 30px;\">Cualquier tipo de soluci\u00f3n comercial y consulta, no dude en ponerse en contacto con nosotros para brindar asistencia al cliente. Nos encanta saber de ti.<\/p>\n                Siempre estamos abiertos excepto s\u00e1bado y domingo de 10:00 a 20:00<\/p>\n            <\/div>\n        <\/div>\n    <\/div>\n<\/div>\n<br>\n\n\n\n<hr class=\"wp-block-separator has-alpha-channel-opacity\"\/>\n\n\n\n<iframe src=\"https:\/\/www.google.com\/maps\/embed?pb=!1m18!1m12!1m3!1d2994.1920410148264!2d2.099051115670144!3d41.369912205040755!2m3!1f0!2f0!3f0!3m2!1i1024!2i768!4f13.1!3m3!1m2!1s0x12a4991c8422d17b%3A0x1684305b43a437a5!2sCarrer%20los%20Naranjos%2C%2044%2C%2046%2C%2008906%20L'Hospitalet%20de%20Llobregat%2C%20Barcelona!5e0!3m2!1ses!2ses!4v1660914626494!5m2!1ses!2ses\" style=\"border:0;\" allowfullscreen=\"\" loading=\"lazy\" referrerpolicy=\"no-referrer-when-downgrade\" width=\"1160\" height=\"450\"><\/iframe>\n","protected":false},"excerpt":{"rendered":"<p>Nuestra direcci\u00f3n Carrer los Naranjos, 44, 46 L&#8217;Hospitalet de Llobregat, Barcelona Tel\u00e9fono &amp; Email (34) 93 437 07 86 calfergrup@calfergrup.com S\u00edguenos Encu\u00e9ntranos en las redes sociales \u00bfTienes alguna pregunta sobre nosotros? Cualquier tipo de soluci\u00f3n comercial y consulta, no dude en ponerse en contacto con nosotros para brindar asistencia al cliente. Nos encanta saber de<a class=\"post-read-more\" href=\"http:\/\/51.91.127.105\/calfergrup\/contacto\/\">Leer m\u00e1s<\/a><\/p>\n","protected":false},"author":4,"featured_media":0,"parent":0,"menu_order":0,"comment_status":"closed","ping_status":"closed","template":"","meta":[],"yoast_head":"<!-- This site is optimized with the Yoast SEO plugin v20.6 - https:\/\/yoast.com\/wordpress\/plugins\/seo\/ -->\n<title>CONTACTO - Calfergrup<\/title>\n<meta name=\"robots\" content=\"index, follow, max-snippet:-1, max-image-preview:large, max-video-preview:-1\" \/>\n<link rel=\"canonical\" href=\"http:\/\/51.91.127.105\/calfergrup\/contacto\/\" \/>\n<meta property=\"og:locale\" content=\"es_ES\" \/>\n<meta property=\"og:type\" content=\"article\" \/>\n<meta property=\"og:title\" content=\"CONTACTO - Calfergrup\" \/>\n<meta property=\"og:description\" content=\"Nuestra direcci\u00f3n Carrer los Naranjos, 44, 46 L&#8217;Hospitalet de Llobregat, Barcelona Tel\u00e9fono &amp; Email (34) 93 437 07 86 calfergrup@calfergrup.com S\u00edguenos Encu\u00e9ntranos en las redes sociales \u00bfTienes alguna pregunta sobre nosotros? Cualquier tipo de soluci\u00f3n comercial y consulta, no dude en ponerse en contacto con nosotros para brindar asistencia al cliente. Nos encanta saber deLeer m\u00e1s\" \/>\n<meta property=\"og:url\" content=\"http:\/\/51.91.127.105\/calfergrup\/contacto\/\" \/>\n<meta property=\"og:site_name\" content=\"Calfergrup\" \/>\n<meta property=\"article:modified_time\" content=\"2023-02-13T16:16:10+00:00\" \/>\n<meta name=\"twitter:card\" content=\"summary_large_image\" \/>\n<meta name=\"twitter:label1\" content=\"Tiempo de lectura\" \/>\n\t<meta name=\"twitter:data1\" content=\"1 minuto\" \/>\n<script type=\"application\/ld+json\" class=\"yoast-schema-graph\">{\"@context\":\"https:\/\/schema.org\",\"@graph\":[{\"@type\":\"WebPage\",\"@id\":\"http:\/\/51.91.127.105\/calfergrup\/contacto\/\",\"url\":\"http:\/\/51.91.127.105\/calfergrup\/contacto\/\",\"name\":\"CONTACTO - Calfergrup\",\"isPartOf\":{\"@id\":\"http:\/\/51.91.127.105\/calfergrup\/#website\"},\"datePublished\":\"2022-08-19T12:46:17+00:00\",\"dateModified\":\"2023-02-13T16:16:10+00:00\",\"breadcrumb\":{\"@id\":\"http:\/\/51.91.127.105\/calfergrup\/contacto\/#breadcrumb\"},\"inLanguage\":\"es\",\"potentialAction\":[{\"@type\":\"ReadAction\",\"target\":[\"http:\/\/51.91.127.105\/calfergrup\/contacto\/\"]}]},{\"@type\":\"BreadcrumbList\",\"@id\":\"http:\/\/51.91.127.105\/calfergrup\/contacto\/#breadcrumb\",\"itemListElement\":[{\"@type\":\"ListItem\",\"position\":1,\"name\":\"Home\",\"item\":\"http:\/\/51.91.127.105\/calfergrup\/\"},{\"@type\":\"ListItem\",\"position\":2,\"name\":\"CONTACTO\"}]},{\"@type\":\"WebSite\",\"@id\":\"http:\/\/51.91.127.105\/calfergrup\/#website\",\"url\":\"http:\/\/51.91.127.105\/calfergrup\/\",\"name\":\"Calfergrup\",\"description\":\"Administraci\u00f3n de Fincas Hospitalet de Llobregat, Barcelona\",\"publisher\":{\"@id\":\"http:\/\/51.91.127.105\/calfergrup\/#organization\"},\"potentialAction\":[{\"@type\":\"SearchAction\",\"target\":{\"@type\":\"EntryPoint\",\"urlTemplate\":\"http:\/\/51.91.127.105\/calfergrup\/?s={search_term_string}\"},\"query-input\":\"required name=search_term_string\"}],\"inLanguage\":\"es\"},{\"@type\":\"Organization\",\"@id\":\"http:\/\/51.91.127.105\/calfergrup\/#organization\",\"name\":\"Calfergrup\",\"url\":\"http:\/\/51.91.127.105\/calfergrup\/\",\"logo\":{\"@type\":\"ImageObject\",\"inLanguage\":\"es\",\"@id\":\"http:\/\/51.91.127.105\/calfergrup\/#\/schema\/logo\/image\/\",\"url\":\"http:\/\/51.91.127.105\/calfergrup\/wp-content\/uploads\/2022\/08\/calfer-logo-removebg-preview-1.png\",\"contentUrl\":\"http:\/\/51.91.127.105\/calfergrup\/wp-content\/uploads\/2022\/08\/calfer-logo-removebg-preview-1.png\",\"width\":250,\"height\":74,\"caption\":\"Calfergrup\"},\"image\":{\"@id\":\"http:\/\/51.91.127.105\/calfergrup\/#\/schema\/logo\/image\/\"}}]}<\/script>\n<!-- \/ Yoast SEO plugin. -->","yoast_head_json":{"title":"CONTACTO - Calfergrup","robots":{"index":"index","follow":"follow","max-snippet":"max-snippet:-1","max-image-preview":"max-image-preview:large","max-video-preview":"max-video-preview:-1"},"canonical":"http:\/\/51.91.127.105\/calfergrup\/contacto\/","og_locale":"es_ES","og_type":"article","og_title":"CONTACTO - Calfergrup","og_description":"Nuestra direcci\u00f3n Carrer los Naranjos, 44, 46 L&#8217;Hospitalet de Llobregat, Barcelona Tel\u00e9fono &amp; Email (34) 93 437 07 86 calfergrup@calfergrup.com S\u00edguenos Encu\u00e9ntranos en las redes sociales \u00bfTienes alguna pregunta sobre nosotros? Cualquier tipo de soluci\u00f3n comercial y consulta, no dude en ponerse en contacto con nosotros para brindar asistencia al cliente. Nos encanta saber deLeer m\u00e1s","og_url":"http:\/\/51.91.127.105\/calfergrup\/contacto\/","og_site_name":"Calfergrup","article_modified_time":"2023-02-13T16:16:10+00:00","twitter_card":"summary_large_image","twitter_misc":{"Tiempo de lectura":"1 minuto"},"schema":{"@context":"https:\/\/schema.org","@graph":[{"@type":"WebPage","@id":"http:\/\/51.91.127.105\/calfergrup\/contacto\/","url":"http:\/\/51.91.127.105\/calfergrup\/contacto\/","name":"CONTACTO - Calfergrup","isPartOf":{"@id":"http:\/\/51.91.127.105\/calfergrup\/#website"},"datePublished":"2022-08-19T12:46:17+00:00","dateModified":"2023-02-13T16:16:10+00:00","breadcrumb":{"@id":"http:\/\/51.91.127.105\/calfergrup\/contacto\/#breadcrumb"},"inLanguage":"es","potentialAction":[{"@type":"ReadAction","target":["http:\/\/51.91.127.105\/calfergrup\/contacto\/"]}]},{"@type":"BreadcrumbList","@id":"http:\/\/51.91.127.105\/calfergrup\/contacto\/#breadcrumb","itemListElement":[{"@type":"ListItem","position":1,"name":"Home","item":"http:\/\/51.91.127.105\/calfergrup\/"},{"@type":"ListItem","position":2,"name":"CONTACTO"}]},{"@type":"WebSite","@id":"http:\/\/51.91.127.105\/calfergrup\/#website","url":"http:\/\/51.91.127.105\/calfergrup\/","name":"Calfergrup","description":"Administraci\u00f3n de Fincas Hospitalet de Llobregat, Barcelona","publisher":{"@id":"http:\/\/51.91.127.105\/calfergrup\/#organization"},"potentialAction":[{"@type":"SearchAction","target":{"@type":"EntryPoint","urlTemplate":"http:\/\/51.91.127.105\/calfergrup\/?s={search_term_string}"},"query-input":"required name=search_term_string"}],"inLanguage":"es"},{"@type":"Organization","@id":"http:\/\/51.91.127.105\/calfergrup\/#organization","name":"Calfergrup","url":"http:\/\/51.91.127.105\/calfergrup\/","logo":{"@type":"ImageObject","inLanguage":"es","@id":"http:\/\/51.91.127.105\/calfergrup\/#\/schema\/logo\/image\/","url":"http:\/\/51.91.127.105\/calfergrup\/wp-content\/uploads\/2022\/08\/calfer-logo-removebg-preview-1.png","contentUrl":"http:\/\/51.91.127.105\/calfergrup\/wp-content\/uploads\/2022\/08\/calfer-logo-removebg-preview-1.png","width":250,"height":74,"caption":"Calfergrup"},"image":{"@id":"http:\/\/51.91.127.105\/calfergrup\/#\/schema\/logo\/image\/"}}]}},"_links":{"self":[{"href":"http:\/\/51.91.127.105\/calfergrup\/wp-json\/wp\/v2\/pages\/58"}],"collection":[{"href":"http:\/\/51.91.127.105\/calfergrup\/wp-json\/wp\/v2\/pages"}],"about":[{"href":"http:\/\/51.91.127.105\/calfergrup\/wp-json\/wp\/v2\/types\/page"}],"author":[{"embeddable":true,"href":"http:\/\/51.91.127.105\/calfergrup\/wp-json\/wp\/v2\/users\/4"}],"replies":[{"embeddable":true,"href":"http:\/\/51.91.127.105\/calfergrup\/wp-json\/wp\/v2\/comments?post=58"}],"version-history":[{"count":48,"href":"http:\/\/51.91.127.105\/calfergrup\/wp-json\/wp\/v2\/pages\/58\/revisions"}],"predecessor-version":[{"id":697,"href":"http:\/\/51.91.127.105\/calfergrup\/wp-json\/wp\/v2\/pages\/58\/revisions\/697"}],"wp:attachment":[{"href":"http:\/\/51.91.127.105\/calfergrup\/wp-json\/wp\/v2\/media?parent=58"}],"curies":[{"name":"wp","href":"https:\/\/api.w.org\/{rel}","templated":true}]}}