{"id":373,"date":"2022-12-18T19:14:54","date_gmt":"2022-12-18T19:14:54","guid":{"rendered":"http:\/\/51.91.127.105\/calfergrup\/?page_id=373"},"modified":"2023-02-13T15:36:16","modified_gmt":"2023-02-13T15:36:16","slug":"sobre-nosotros","status":"publish","type":"page","link":"http:\/\/51.91.127.105\/calfergrup\/sobre-nosotros\/","title":{"rendered":"SOBRE NOSOTROS"},"content":{"rendered":"\t\t<div data-elementor-type=\"wp-page\" data-elementor-id=\"373\" class=\"elementor elementor-373\">\n\t\t\t\t\t\t\t\t\t<section class=\"elementor-section elementor-top-section elementor-element elementor-element-f7aaf39 elementor-section-boxed elementor-section-height-default elementor-section-height-default\" data-id=\"f7aaf39\" data-element_type=\"section\">\n\t\t\t\t\t\t<div class=\"elementor-container elementor-column-gap-default\">\n\t\t\t\t\t<div class=\"elementor-column elementor-col-100 elementor-top-column elementor-element elementor-element-9ee0151\" data-id=\"9ee0151\" data-element_type=\"column\">\n\t\t\t<div class=\"elementor-widget-wrap elementor-element-populated\">\n\t\t\t\t\t\t\t\t<div class=\"elementor-element elementor-element-37be3cc elementor-widget elementor-widget-text-editor\" data-id=\"37be3cc\" data-element_type=\"widget\" data-widget_type=\"text-editor.default\">\n\t\t\t\t<div class=\"elementor-widget-container\">\n\t\t\t<style>\/*! elementor - v3.13.0 - 08-05-2023 *\/\n.elementor-widget-text-editor.elementor-drop-cap-view-stacked .elementor-drop-cap{background-color:#69727d;color:#fff}.elementor-widget-text-editor.elementor-drop-cap-view-framed .elementor-drop-cap{color:#69727d;border:3px solid;background-color:transparent}.elementor-widget-text-editor:not(.elementor-drop-cap-view-default) .elementor-drop-cap{margin-top:8px}.elementor-widget-text-editor:not(.elementor-drop-cap-view-default) .elementor-drop-cap-letter{width:1em;height:1em}.elementor-widget-text-editor .elementor-drop-cap{float:left;text-align:center;line-height:1;font-size:50px}.elementor-widget-text-editor .elementor-drop-cap-letter{display:inline-block}<\/style>\t\t\t\t<p align=\"justify\"><strong>Calfergrup<\/strong> <strong>serveis immobiliaris<\/strong> es una empresa familiar de hace 27 a\u00f1os que empez\u00f3 administrando comunidades y a\u00f1o tras a\u00f1o cre\u00f3 un v\u00ednculo muy especial con los propietarios de las viviendas.<\/p><p align=\"justify\">Estos nos fueron confiando la venta de sus viviendas y nos desarrollamos hasta ser profesionales bien preparados, personas al servicio de las personas, con experiencia y formaci\u00f3n suficiente para ofrecerle un servicio de alta calidad y m\u00e1xima efectividad a la hora de vender su vivienda.<\/p><p>Le acompa\u00f1amos desde el mismo momento en que nos conf\u00eda la venta de su vivienda hasta el momento de la firma.<\/p><p>\u00a0<\/p><p>Si nos conf\u00eda su piso en exclusiva, ofrecemos los siguientes servicios gratuitos:<\/p>\t\t\t\t\t\t<\/div>\n\t\t\t\t<\/div>\n\t\t\t\t<section class=\"elementor-section elementor-inner-section elementor-element elementor-element-eb7eaa3 elementor-section-boxed elementor-section-height-default elementor-section-height-default\" data-id=\"eb7eaa3\" data-element_type=\"section\">\n\t\t\t\t\t\t<div class=\"elementor-container elementor-column-gap-wider\">\n\t\t\t\t\t<div class=\"elementor-column elementor-col-50 elementor-inner-column elementor-element elementor-element-1c87374\" data-id=\"1c87374\" data-element_type=\"column\">\n\t\t\t<div class=\"elementor-widget-wrap elementor-element-populated\">\n\t\t\t\t\t\t\t\t<div class=\"elementor-element elementor-element-00f4902 elementor-arrows-position-inside elementor-pagination-position-outside elementor-widget elementor-widget-image-carousel\" data-id=\"00f4902\" data-element_type=\"widget\" data-settings=\"{&quot;slides_to_show&quot;:&quot;1&quot;,&quot;lazyload&quot;:&quot;yes&quot;,&quot;effect&quot;:&quot;fade&quot;,&quot;navigation&quot;:&quot;both&quot;,&quot;autoplay&quot;:&quot;yes&quot;,&quot;pause_on_hover&quot;:&quot;yes&quot;,&quot;pause_on_interaction&quot;:&quot;yes&quot;,&quot;autoplay_speed&quot;:5000,&quot;infinite&quot;:&quot;yes&quot;,&quot;speed&quot;:500}\" data-widget_type=\"image-carousel.default\">\n\t\t\t\t<div class=\"elementor-widget-container\">\n\t\t\t<style>\/*! elementor - v3.13.0 - 08-05-2023 *\/\n.elementor-widget-image-carousel .swiper,.elementor-widget-image-carousel .swiper-container{position:static}.elementor-widget-image-carousel .swiper-container .swiper-slide figure,.elementor-widget-image-carousel .swiper .swiper-slide figure{line-height:inherit}.elementor-widget-image-carousel .swiper-slide{text-align:center}.elementor-image-carousel-wrapper:not(.swiper-container-initialized):not(.swiper-initialized) .swiper-slide{max-width:calc(100% \/ var(--e-image-carousel-slides-to-show, 3))}<\/style>\t\t<div class=\"elementor-image-carousel-wrapper swiper-container\" dir=\"ltr\">\n\t\t\t<div class=\"elementor-image-carousel swiper-wrapper\">\n\t\t\t\t\t\t\t\t<div class=\"swiper-slide\"><figure class=\"swiper-slide-inner\"><img class=\"swiper-slide-image swiper-lazy\" data-src=\"http:\/\/51.91.127.105\/calfergrup\/wp-content\/uploads\/2022\/12\/Sobre-nosotros-01.png\" alt=\"Sobre nosotros 01\" \/><div class=\"swiper-lazy-preloader\"><\/div><\/figure><\/div><div class=\"swiper-slide\"><figure class=\"swiper-slide-inner\"><img class=\"swiper-slide-image swiper-lazy\" data-src=\"http:\/\/51.91.127.105\/calfergrup\/wp-content\/uploads\/2023\/02\/Fotos_oficina_5-768x576.jpeg\" alt=\"Fotos_oficina_5\" \/><div class=\"swiper-lazy-preloader\"><\/div><\/figure><\/div><div class=\"swiper-slide\"><figure class=\"swiper-slide-inner\"><img class=\"swiper-slide-image swiper-lazy\" data-src=\"http:\/\/51.91.127.105\/calfergrup\/wp-content\/uploads\/2023\/02\/Fotos_oficina_4-768x576.jpeg\" alt=\"Fotos_oficina_4\" \/><div class=\"swiper-lazy-preloader\"><\/div><\/figure><\/div><div class=\"swiper-slide\"><figure class=\"swiper-slide-inner\"><img class=\"swiper-slide-image swiper-lazy\" data-src=\"http:\/\/51.91.127.105\/calfergrup\/wp-content\/uploads\/2023\/02\/Fotos_oficina_3-768x576.jpeg\" alt=\"Fotos_oficina_3\" \/><div class=\"swiper-lazy-preloader\"><\/div><\/figure><\/div><div class=\"swiper-slide\"><figure class=\"swiper-slide-inner\"><img class=\"swiper-slide-image swiper-lazy\" data-src=\"http:\/\/51.91.127.105\/calfergrup\/wp-content\/uploads\/2023\/02\/Fotos_oficina_1-768x576.jpeg\" alt=\"Fotos_oficina_1\" \/><div class=\"swiper-lazy-preloader\"><\/div><\/figure><\/div><div class=\"swiper-slide\"><figure class=\"swiper-slide-inner\"><img class=\"swiper-slide-image swiper-lazy\" data-src=\"http:\/\/51.91.127.105\/calfergrup\/wp-content\/uploads\/2023\/02\/Fotos_oficina_2-768x576.jpeg\" alt=\"Fotos_oficina_2\" \/><div class=\"swiper-lazy-preloader\"><\/div><\/figure><\/div><div class=\"swiper-slide\"><figure class=\"swiper-slide-inner\"><img class=\"swiper-slide-image swiper-lazy\" data-src=\"http:\/\/51.91.127.105\/calfergrup\/wp-content\/uploads\/2023\/02\/Fotos_oficina_6-768x576.jpeg\" alt=\"Fotos_oficina_6\" \/><div class=\"swiper-lazy-preloader\"><\/div><\/figure><\/div><div class=\"swiper-slide\"><figure class=\"swiper-slide-inner\"><img class=\"swiper-slide-image swiper-lazy\" data-src=\"http:\/\/51.91.127.105\/calfergrup\/wp-content\/uploads\/2023\/02\/Fotos_oficina_7-768x576.jpeg\" alt=\"Fotos_oficina_7\" \/><div class=\"swiper-lazy-preloader\"><\/div><\/figure><\/div><div class=\"swiper-slide\"><figure class=\"swiper-slide-inner\"><img class=\"swiper-slide-image swiper-lazy\" data-src=\"http:\/\/51.91.127.105\/calfergrup\/wp-content\/uploads\/2023\/02\/Fotos_oficina_9-768x576.jpeg\" alt=\"Fotos_oficina_9\" \/><div class=\"swiper-lazy-preloader\"><\/div><\/figure><\/div><div class=\"swiper-slide\"><figure class=\"swiper-slide-inner\"><img class=\"swiper-slide-image swiper-lazy\" data-src=\"http:\/\/51.91.127.105\/calfergrup\/wp-content\/uploads\/2023\/02\/Fotos_oficina_8-768x576.jpeg\" alt=\"Fotos_oficina_8\" \/><div class=\"swiper-lazy-preloader\"><\/div><\/figure><\/div>\t\t\t<\/div>\n\t\t\t\t\t\t\t\t\t\t\t\t<div class=\"swiper-pagination\"><\/div>\n\t\t\t\t\t\t\t\t\t\t\t\t\t<div class=\"elementor-swiper-button elementor-swiper-button-prev\" role=\"button\" tabindex=\"0\">\n\t\t\t\t\t\t<i aria-hidden=\"true\" class=\"eicon-chevron-left\"><\/i>\t\t\t\t\t\t<span class=\"elementor-screen-only\">Previous image<\/span>\n\t\t\t\t\t<\/div>\n\t\t\t\t\t<div class=\"elementor-swiper-button elementor-swiper-button-next\" role=\"button\" tabindex=\"0\">\n\t\t\t\t\t\t<i aria-hidden=\"true\" class=\"eicon-chevron-right\"><\/i>\t\t\t\t\t\t<span class=\"elementor-screen-only\">Next image<\/span>\n\t\t\t\t\t<\/div>\n\t\t\t\t\t\t\t\t\t<\/div>\n\t\t\t\t<\/div>\n\t\t\t\t<\/div>\n\t\t\t\t\t<\/div>\n\t\t<\/div>\n\t\t\t\t<div class=\"elementor-column elementor-col-50 elementor-inner-column elementor-element elementor-element-d5bb978\" data-id=\"d5bb978\" data-element_type=\"column\">\n\t\t\t<div class=\"elementor-widget-wrap elementor-element-populated\">\n\t\t\t\t\t\t\t\t<div class=\"elementor-element elementor-element-b981e07 elementor-widget elementor-widget-text-editor\" data-id=\"b981e07\" data-element_type=\"widget\" data-widget_type=\"text-editor.default\">\n\t\t\t\t<div class=\"elementor-widget-container\">\n\t\t\t\t\t\t\t<ul><li><strong>C\u00e9dula de habitabilidad<\/strong><\/li><li><strong>Certificado energ\u00e9tico<\/strong><\/li><li><strong>Servicio de limpieza 1 vez al mes si el piso no est\u00e1 habitado<\/strong><\/li><li><strong>Gestiones ante el administrador de la comunidad<\/strong><\/li><li><strong>Cambio de los suministros a los compradores<\/strong><\/li><li><strong>\u00a0Facilitamos la gesti\u00f3n para colocaci\u00f3n de alarma en la vivienda<\/strong><\/li><li><strong>Tramitaci\u00f3n de la plusval\u00eda<\/strong><\/li><li><strong>Publicaci\u00f3n en los mejores portales del mercado inmobiliario<\/strong><\/li><li><strong>Realizamos un tour virtual<\/strong><\/li><li><strong>Exclusividad compartida con apialia (conjunto de inmobiliarias asociadas)<\/strong><\/li><\/ul><h3>\u00a0<\/h3>\t\t\t\t\t\t<\/div>\n\t\t\t\t<\/div>\n\t\t\t\t\t<\/div>\n\t\t<\/div>\n\t\t\t\t\t\t\t<\/div>\n\t\t<\/section>\n\t\t\t\t\t<\/div>\n\t\t<\/div>\n\t\t\t\t\t\t\t<\/div>\n\t\t<\/section>\n\t\t\t\t<section class=\"elementor-section elementor-top-section elementor-element elementor-element-5fc4c5b elementor-section-boxed elementor-section-height-default elementor-section-height-default\" data-id=\"5fc4c5b\" data-element_type=\"section\">\n\t\t\t\t\t\t<div class=\"elementor-container elementor-column-gap-default\">\n\t\t\t\t\t<div class=\"elementor-column elementor-col-100 elementor-top-column elementor-element elementor-element-8981219\" data-id=\"8981219\" data-element_type=\"column\">\n\t\t\t<div class=\"elementor-widget-wrap elementor-element-populated\">\n\t\t\t\t\t\t\t\t<div class=\"elementor-element elementor-element-7cf064e elementor-widget elementor-widget-text-editor\" data-id=\"7cf064e\" data-element_type=\"widget\" data-widget_type=\"text-editor.default\">\n\t\t\t\t<div class=\"elementor-widget-container\">\n\t\t\t\t\t\t\t<p align=\"justify\">Nuestra filosof\u00eda, es, ante todo, respeto, seriedad, honradez y confianza hacia nuestros clientes y nuestro compromiso de que el cliente quede satisfecho con nuestro trabajo.<\/p>\t\t\t\t\t\t<\/div>\n\t\t\t\t<\/div>\n\t\t\t\t<div class=\"elementor-element elementor-element-f39d7ec elementor-widget elementor-widget-image\" data-id=\"f39d7ec\" data-element_type=\"widget\" data-widget_type=\"image.default\">\n\t\t\t\t<div class=\"elementor-widget-container\">\n\t\t\t<style>\/*! elementor - v3.13.0 - 08-05-2023 *\/\n.elementor-widget-image{text-align:center}.elementor-widget-image a{display:inline-block}.elementor-widget-image a img[src$=\".svg\"]{width:48px}.elementor-widget-image img{vertical-align:middle;display:inline-block}<\/style>\t\t\t\t\t\t\t\t\t\t\t\t<img decoding=\"async\" width=\"632\" height=\"459\" src=\"http:\/\/51.91.127.105\/calfergrup\/wp-content\/uploads\/2022\/12\/Sobre-Nosotros-02.png\" class=\"attachment-large size-large wp-image-377\" alt=\"\" loading=\"lazy\" srcset=\"http:\/\/51.91.127.105\/calfergrup\/wp-content\/uploads\/2022\/12\/Sobre-Nosotros-02.png 632w, http:\/\/51.91.127.105\/calfergrup\/wp-content\/uploads\/2022\/12\/Sobre-Nosotros-02-300x218.png 300w\" sizes=\"(max-width: 632px) 100vw, 632px\" \/>\t\t\t\t\t\t\t\t\t\t\t\t\t\t\t<\/div>\n\t\t\t\t<\/div>\n\t\t\t\t<div class=\"elementor-element elementor-element-a5e18aa elementor-widget elementor-widget-text-editor\" data-id=\"a5e18aa\" data-element_type=\"widget\" data-widget_type=\"text-editor.default\">\n\t\t\t\t<div class=\"elementor-widget-container\">\n\t\t\t\t\t\t\t<h3>\u00a1La dedicaci\u00f3n que te mereces!<\/h3>\t\t\t\t\t\t<\/div>\n\t\t\t\t<\/div>\n\t\t\t\t\t<\/div>\n\t\t<\/div>\n\t\t\t\t\t\t\t<\/div>\n\t\t<\/section>\n\t\t\t\t\t\t\t<\/div>\n\t\t","protected":false},"excerpt":{"rendered":"<p>Calfergrup serveis immobiliaris es una empresa familiar de hace 27 a\u00f1os que empez\u00f3 administrando comunidades y a\u00f1o tras a\u00f1o cre\u00f3 un v\u00ednculo muy especial con los propietarios de las viviendas. Estos nos fueron confiando la venta de sus viviendas y nos desarrollamos hasta ser profesionales bien preparados, personas al servicio de las personas, con experiencia<a class=\"post-read-more\" href=\"http:\/\/51.91.127.105\/calfergrup\/sobre-nosotros\/\">Leer m\u00e1s<\/a><\/p>\n","protected":false},"author":4,"featured_media":624,"parent":0,"menu_order":0,"comment_status":"closed","ping_status":"closed","template":"","meta":[],"yoast_head":"<!-- This site is optimized with the Yoast SEO plugin v20.6 - https:\/\/yoast.com\/wordpress\/plugins\/seo\/ -->\n<title>SOBRE NOSOTROS - Calfergrup<\/title>\n<meta name=\"robots\" content=\"index, follow, max-snippet:-1, max-image-preview:large, max-video-preview:-1\" \/>\n<link rel=\"canonical\" href=\"http:\/\/51.91.127.105\/calfergrup\/sobre-nosotros\/\" \/>\n<meta property=\"og:locale\" content=\"es_ES\" \/>\n<meta property=\"og:type\" content=\"article\" \/>\n<meta property=\"og:title\" content=\"SOBRE NOSOTROS - Calfergrup\" \/>\n<meta property=\"og:description\" content=\"Calfergrup serveis immobiliaris es una empresa familiar de hace 27 a\u00f1os que empez\u00f3 administrando comunidades y a\u00f1o tras a\u00f1o cre\u00f3 un v\u00ednculo muy especial con los propietarios de las viviendas. Estos nos fueron confiando la venta de sus viviendas y nos desarrollamos hasta ser profesionales bien preparados, personas al servicio de las personas, con experienciaLeer m\u00e1s\" \/>\n<meta property=\"og:url\" content=\"http:\/\/51.91.127.105\/calfergrup\/sobre-nosotros\/\" \/>\n<meta property=\"og:site_name\" content=\"Calfergrup\" \/>\n<meta property=\"article:modified_time\" content=\"2023-02-13T15:36:16+00:00\" \/>\n<meta property=\"og:image\" content=\"http:\/\/51.91.127.105\/calfergrup\/wp-content\/uploads\/2023\/02\/Fotos_oficina_4.jpeg\" \/>\n\t<meta property=\"og:image:width\" content=\"2016\" \/>\n\t<meta property=\"og:image:height\" content=\"1512\" \/>\n\t<meta property=\"og:image:type\" content=\"image\/jpeg\" \/>\n<meta name=\"twitter:card\" content=\"summary_large_image\" \/>\n<meta name=\"twitter:label1\" content=\"Tiempo de lectura\" \/>\n\t<meta name=\"twitter:data1\" content=\"4 minutos\" \/>\n<script type=\"application\/ld+json\" class=\"yoast-schema-graph\">{\"@context\":\"https:\/\/schema.org\",\"@graph\":[{\"@type\":\"WebPage\",\"@id\":\"http:\/\/51.91.127.105\/calfergrup\/sobre-nosotros\/\",\"url\":\"http:\/\/51.91.127.105\/calfergrup\/sobre-nosotros\/\",\"name\":\"SOBRE NOSOTROS - Calfergrup\",\"isPartOf\":{\"@id\":\"http:\/\/51.91.127.105\/calfergrup\/#website\"},\"datePublished\":\"2022-12-18T19:14:54+00:00\",\"dateModified\":\"2023-02-13T15:36:16+00:00\",\"breadcrumb\":{\"@id\":\"http:\/\/51.91.127.105\/calfergrup\/sobre-nosotros\/#breadcrumb\"},\"inLanguage\":\"es\",\"potentialAction\":[{\"@type\":\"ReadAction\",\"target\":[\"http:\/\/51.91.127.105\/calfergrup\/sobre-nosotros\/\"]}]},{\"@type\":\"BreadcrumbList\",\"@id\":\"http:\/\/51.91.127.105\/calfergrup\/sobre-nosotros\/#breadcrumb\",\"itemListElement\":[{\"@type\":\"ListItem\",\"position\":1,\"name\":\"Home\",\"item\":\"http:\/\/51.91.127.105\/calfergrup\/\"},{\"@type\":\"ListItem\",\"position\":2,\"name\":\"SOBRE NOSOTROS\"}]},{\"@type\":\"WebSite\",\"@id\":\"http:\/\/51.91.127.105\/calfergrup\/#website\",\"url\":\"http:\/\/51.91.127.105\/calfergrup\/\",\"name\":\"Calfergrup\",\"description\":\"Administraci\u00f3n de Fincas Hospitalet de Llobregat, Barcelona\",\"publisher\":{\"@id\":\"http:\/\/51.91.127.105\/calfergrup\/#organization\"},\"potentialAction\":[{\"@type\":\"SearchAction\",\"target\":{\"@type\":\"EntryPoint\",\"urlTemplate\":\"http:\/\/51.91.127.105\/calfergrup\/?s={search_term_string}\"},\"query-input\":\"required name=search_term_string\"}],\"inLanguage\":\"es\"},{\"@type\":\"Organization\",\"@id\":\"http:\/\/51.91.127.105\/calfergrup\/#organization\",\"name\":\"Calfergrup\",\"url\":\"http:\/\/51.91.127.105\/calfergrup\/\",\"logo\":{\"@type\":\"ImageObject\",\"inLanguage\":\"es\",\"@id\":\"http:\/\/51.91.127.105\/calfergrup\/#\/schema\/logo\/image\/\",\"url\":\"http:\/\/51.91.127.105\/calfergrup\/wp-content\/uploads\/2022\/08\/calfer-logo-removebg-preview-1.png\",\"contentUrl\":\"http:\/\/51.91.127.105\/calfergrup\/wp-content\/uploads\/2022\/08\/calfer-logo-removebg-preview-1.png\",\"width\":250,\"height\":74,\"caption\":\"Calfergrup\"},\"image\":{\"@id\":\"http:\/\/51.91.127.105\/calfergrup\/#\/schema\/logo\/image\/\"}}]}<\/script>\n<!-- \/ Yoast SEO plugin. -->","yoast_head_json":{"title":"SOBRE NOSOTROS - Calfergrup","robots":{"index":"index","follow":"follow","max-snippet":"max-snippet:-1","max-image-preview":"max-image-preview:large","max-video-preview":"max-video-preview:-1"},"canonical":"http:\/\/51.91.127.105\/calfergrup\/sobre-nosotros\/","og_locale":"es_ES","og_type":"article","og_title":"SOBRE NOSOTROS - Calfergrup","og_description":"Calfergrup serveis immobiliaris es una empresa familiar de hace 27 a\u00f1os que empez\u00f3 administrando comunidades y a\u00f1o tras a\u00f1o cre\u00f3 un v\u00ednculo muy especial con los propietarios de las viviendas. Estos nos fueron confiando la venta de sus viviendas y nos desarrollamos hasta ser profesionales bien preparados, personas al servicio de las personas, con experienciaLeer m\u00e1s","og_url":"http:\/\/51.91.127.105\/calfergrup\/sobre-nosotros\/","og_site_name":"Calfergrup","article_modified_time":"2023-02-13T15:36:16+00:00","og_image":[{"width":2016,"height":1512,"url":"http:\/\/51.91.127.105\/calfergrup\/wp-content\/uploads\/2023\/02\/Fotos_oficina_4.jpeg","type":"image\/jpeg"}],"twitter_card":"summary_large_image","twitter_misc":{"Tiempo de lectura":"4 minutos"},"schema":{"@context":"https:\/\/schema.org","@graph":[{"@type":"WebPage","@id":"http:\/\/51.91.127.105\/calfergrup\/sobre-nosotros\/","url":"http:\/\/51.91.127.105\/calfergrup\/sobre-nosotros\/","name":"SOBRE NOSOTROS - Calfergrup","isPartOf":{"@id":"http:\/\/51.91.127.105\/calfergrup\/#website"},"datePublished":"2022-12-18T19:14:54+00:00","dateModified":"2023-02-13T15:36:16+00:00","breadcrumb":{"@id":"http:\/\/51.91.127.105\/calfergrup\/sobre-nosotros\/#breadcrumb"},"inLanguage":"es","potentialAction":[{"@type":"ReadAction","target":["http:\/\/51.91.127.105\/calfergrup\/sobre-nosotros\/"]}]},{"@type":"BreadcrumbList","@id":"http:\/\/51.91.127.105\/calfergrup\/sobre-nosotros\/#breadcrumb","itemListElement":[{"@type":"ListItem","position":1,"name":"Home","item":"http:\/\/51.91.127.105\/calfergrup\/"},{"@type":"ListItem","position":2,"name":"SOBRE NOSOTROS"}]},{"@type":"WebSite","@id":"http:\/\/51.91.127.105\/calfergrup\/#website","url":"http:\/\/51.91.127.105\/calfergrup\/","name":"Calfergrup","description":"Administraci\u00f3n de Fincas Hospitalet de Llobregat, Barcelona","publisher":{"@id":"http:\/\/51.91.127.105\/calfergrup\/#organization"},"potentialAction":[{"@type":"SearchAction","target":{"@type":"EntryPoint","urlTemplate":"http:\/\/51.91.127.105\/calfergrup\/?s={search_term_string}"},"query-input":"required name=search_term_string"}],"inLanguage":"es"},{"@type":"Organization","@id":"http:\/\/51.91.127.105\/calfergrup\/#organization","name":"Calfergrup","url":"http:\/\/51.91.127.105\/calfergrup\/","logo":{"@type":"ImageObject","inLanguage":"es","@id":"http:\/\/51.91.127.105\/calfergrup\/#\/schema\/logo\/image\/","url":"http:\/\/51.91.127.105\/calfergrup\/wp-content\/uploads\/2022\/08\/calfer-logo-removebg-preview-1.png","contentUrl":"http:\/\/51.91.127.105\/calfergrup\/wp-content\/uploads\/2022\/08\/calfer-logo-removebg-preview-1.png","width":250,"height":74,"caption":"Calfergrup"},"image":{"@id":"http:\/\/51.91.127.105\/calfergrup\/#\/schema\/logo\/image\/"}}]}},"_links":{"self":[{"href":"http:\/\/51.91.127.105\/calfergrup\/wp-json\/wp\/v2\/pages\/373"}],"collection":[{"href":"http:\/\/51.91.127.105\/calfergrup\/wp-json\/wp\/v2\/pages"}],"about":[{"href":"http:\/\/51.91.127.105\/calfergrup\/wp-json\/wp\/v2\/types\/page"}],"author":[{"embeddable":true,"href":"http:\/\/51.91.127.105\/calfergrup\/wp-json\/wp\/v2\/users\/4"}],"replies":[{"embeddable":true,"href":"http:\/\/51.91.127.105\/calfergrup\/wp-json\/wp\/v2\/comments?post=373"}],"version-history":[{"count":68,"href":"http:\/\/51.91.127.105\/calfergrup\/wp-json\/wp\/v2\/pages\/373\/revisions"}],"predecessor-version":[{"id":709,"href":"http:\/\/51.91.127.105\/calfergrup\/wp-json\/wp\/v2\/pages\/373\/revisions\/709"}],"wp:featuredmedia":[{"embeddable":true,"href":"http:\/\/51.91.127.105\/calfergrup\/wp-json\/wp\/v2\/media\/624"}],"wp:attachment":[{"href":"http:\/\/51.91.127.105\/calfergrup\/wp-json\/wp\/v2\/media?parent=373"}],"curies":[{"name":"wp","href":"https:\/\/api.w.org\/{rel}","templated":true}]}}