{"id":349,"date":"2022-12-18T18:06:19","date_gmt":"2022-12-18T18:06:19","guid":{"rendered":"http:\/\/51.91.127.105\/calfergrup\/?page_id=349"},"modified":"2023-02-13T14:56:46","modified_gmt":"2023-02-13T14:56:46","slug":"administracion-de-fincas","status":"publish","type":"page","link":"http:\/\/51.91.127.105\/calfergrup\/administracion-de-fincas\/","title":{"rendered":"ADMINISTRACI\u00d3N DE FINCAS"},"content":{"rendered":"\t\t<div data-elementor-type=\"wp-page\" data-elementor-id=\"349\" class=\"elementor elementor-349\">\n\t\t\t\t\t\t\t\t\t<section class=\"elementor-section elementor-top-section elementor-element elementor-element-0b81012 elementor-section-boxed elementor-section-height-default elementor-section-height-default\" data-id=\"0b81012\" data-element_type=\"section\">\n\t\t\t\t\t\t<div class=\"elementor-container elementor-column-gap-default\">\n\t\t\t\t\t<div class=\"elementor-column elementor-col-100 elementor-top-column elementor-element elementor-element-87b35c6\" data-id=\"87b35c6\" data-element_type=\"column\">\n\t\t\t<div class=\"elementor-widget-wrap elementor-element-populated\">\n\t\t\t\t\t\t\t\t<div class=\"elementor-element elementor-element-4bc1c8d elementor-widget elementor-widget-text-editor\" data-id=\"4bc1c8d\" data-element_type=\"widget\" data-widget_type=\"text-editor.default\">\n\t\t\t\t<div class=\"elementor-widget-container\">\n\t\t\t<style>\/*! elementor - v3.13.0 - 08-05-2023 *\/\n.elementor-widget-text-editor.elementor-drop-cap-view-stacked .elementor-drop-cap{background-color:#69727d;color:#fff}.elementor-widget-text-editor.elementor-drop-cap-view-framed .elementor-drop-cap{color:#69727d;border:3px solid;background-color:transparent}.elementor-widget-text-editor:not(.elementor-drop-cap-view-default) .elementor-drop-cap{margin-top:8px}.elementor-widget-text-editor:not(.elementor-drop-cap-view-default) .elementor-drop-cap-letter{width:1em;height:1em}.elementor-widget-text-editor .elementor-drop-cap{float:left;text-align:center;line-height:1;font-size:50px}.elementor-widget-text-editor .elementor-drop-cap-letter{display:inline-block}<\/style>\t\t\t\t<p align=\"justify\">Nuestro despacho pone a su disposici\u00f3n un equipo humano, t\u00e9cnicamente preparado y titulado para conseguir que el resultado de nuestro trabajo cumpla, las expectativas que depositan en nosotros nuestros clientes. Para ello disponemos de los siguientes departamentos:<\/p>\t\t\t\t\t\t<\/div>\n\t\t\t\t<\/div>\n\t\t\t\t<section class=\"elementor-section elementor-inner-section elementor-element elementor-element-a2dee03 elementor-section-boxed elementor-section-height-default elementor-section-height-default\" data-id=\"a2dee03\" data-element_type=\"section\">\n\t\t\t\t\t\t<div class=\"elementor-container elementor-column-gap-wider\">\n\t\t\t\t\t<div class=\"elementor-column elementor-col-50 elementor-inner-column elementor-element elementor-element-aaf8050\" data-id=\"aaf8050\" data-element_type=\"column\">\n\t\t\t<div class=\"elementor-widget-wrap elementor-element-populated\">\n\t\t\t\t\t\t\t\t<div class=\"elementor-element elementor-element-7a3ffc0 elementor-widget elementor-widget-image\" data-id=\"7a3ffc0\" data-element_type=\"widget\" data-widget_type=\"image.default\">\n\t\t\t\t<div class=\"elementor-widget-container\">\n\t\t\t<style>\/*! elementor - v3.13.0 - 08-05-2023 *\/\n.elementor-widget-image{text-align:center}.elementor-widget-image a{display:inline-block}.elementor-widget-image a img[src$=\".svg\"]{width:48px}.elementor-widget-image img{vertical-align:middle;display:inline-block}<\/style>\t\t\t\t\t\t\t\t\t\t\t\t<img decoding=\"async\" width=\"1024\" height=\"768\" src=\"http:\/\/51.91.127.105\/calfergrup\/wp-content\/uploads\/2022\/12\/IMG-20220309-WA0010-002-1024x768.png\" class=\"attachment-large size-large wp-image-357\" alt=\"\" loading=\"lazy\" srcset=\"http:\/\/51.91.127.105\/calfergrup\/wp-content\/uploads\/2022\/12\/IMG-20220309-WA0010-002-1024x768.png 1024w, http:\/\/51.91.127.105\/calfergrup\/wp-content\/uploads\/2022\/12\/IMG-20220309-WA0010-002-300x225.png 300w, http:\/\/51.91.127.105\/calfergrup\/wp-content\/uploads\/2022\/12\/IMG-20220309-WA0010-002-768x576.png 768w, http:\/\/51.91.127.105\/calfergrup\/wp-content\/uploads\/2022\/12\/IMG-20220309-WA0010-002-400x300.png 400w, http:\/\/51.91.127.105\/calfergrup\/wp-content\/uploads\/2022\/12\/IMG-20220309-WA0010-002.png 1032w\" sizes=\"(max-width: 1024px) 100vw, 1024px\" \/>\t\t\t\t\t\t\t\t\t\t\t\t\t\t\t<\/div>\n\t\t\t\t<\/div>\n\t\t\t\t\t<\/div>\n\t\t<\/div>\n\t\t\t\t<div class=\"elementor-column elementor-col-50 elementor-inner-column elementor-element elementor-element-1de2800\" data-id=\"1de2800\" data-element_type=\"column\">\n\t\t\t<div class=\"elementor-widget-wrap elementor-element-populated\">\n\t\t\t\t\t\t\t\t<div class=\"elementor-element elementor-element-12268f7 elementor-widget elementor-widget-text-editor\" data-id=\"12268f7\" data-element_type=\"widget\" data-widget_type=\"text-editor.default\">\n\t\t\t\t<div class=\"elementor-widget-container\">\n\t\t\t\t\t\t\t<ul><li><strong>ADMINISTRACI\u00d3N EN HORIZONTAL (COMUNIDADES DE PROPIETARIOS).<\/strong><\/li><li><strong>ADMINISTRACI\u00d3N EN VERTICAL (ALQUILERES).<\/strong><\/li><li><strong>ASESORAMIENTO JUR\u00cdDICO.<\/strong><\/li><li><strong>ASESORAMIENTO CONTABLE, FISCAL Y LABORAL.<\/strong><\/li><\/ul><p>\u00a0<\/p><p>Para completar nuestro trabajo, contamos con profesionales cualificados a nuestro servicio, como alba\u00f1iles, corredur\u00edas de seguros, abogados, electricistas y lampistas, certificados, etc. Que nos permite solucionar cualquier incidente que pueda surgir con la mayor brevedad y eficacia posible a trav\u00e9s de nuestro whatsapp de incidencias.<\/p><p align=\"justify\">\u00a0<\/p>\t\t\t\t\t\t<\/div>\n\t\t\t\t<\/div>\n\t\t\t\t\t<\/div>\n\t\t<\/div>\n\t\t\t\t\t\t\t<\/div>\n\t\t<\/section>\n\t\t\t\t<div class=\"elementor-element elementor-element-928730a elementor-widget elementor-widget-text-editor\" data-id=\"928730a\" data-element_type=\"widget\" data-widget_type=\"text-editor.default\">\n\t\t\t\t<div class=\"elementor-widget-container\">\n\t\t\t\t\t\t\t<p align=\"justify\"><span style=\"color: var( --e-global-color-text );\">Disponemos de dos salas de juntas, una de 8 y otra de 30 personas, para realizar las reuniones a las que, a trav\u00e9s de nuestra pantalla, se puede acceder por ZOOM, o por la APP habilitada para este fin, en caso de que no pudiera asistir en persona a la reuni\u00f3n.<\/span><\/p>\t\t\t\t\t\t<\/div>\n\t\t\t\t<\/div>\n\t\t\t\t<div class=\"elementor-element elementor-element-14d5365 elementor-widget elementor-widget-image\" data-id=\"14d5365\" data-element_type=\"widget\" data-widget_type=\"image.default\">\n\t\t\t\t<div class=\"elementor-widget-container\">\n\t\t\t\t\t\t\t\t\t\t\t\t\t\t\t<img decoding=\"async\" width=\"768\" height=\"576\" src=\"http:\/\/51.91.127.105\/calfergrup\/wp-content\/uploads\/2023\/02\/Fotos_oficina_9-768x576.jpeg\" class=\"attachment-medium_large size-medium_large wp-image-629\" alt=\"\" loading=\"lazy\" srcset=\"http:\/\/51.91.127.105\/calfergrup\/wp-content\/uploads\/2023\/02\/Fotos_oficina_9-768x576.jpeg 768w, http:\/\/51.91.127.105\/calfergrup\/wp-content\/uploads\/2023\/02\/Fotos_oficina_9-300x225.jpeg 300w, http:\/\/51.91.127.105\/calfergrup\/wp-content\/uploads\/2023\/02\/Fotos_oficina_9-1024x768.jpeg 1024w, http:\/\/51.91.127.105\/calfergrup\/wp-content\/uploads\/2023\/02\/Fotos_oficina_9-1536x1152.jpeg 1536w, http:\/\/51.91.127.105\/calfergrup\/wp-content\/uploads\/2023\/02\/Fotos_oficina_9-1200x900.jpeg 1200w, http:\/\/51.91.127.105\/calfergrup\/wp-content\/uploads\/2023\/02\/Fotos_oficina_9-400x300.jpeg 400w, http:\/\/51.91.127.105\/calfergrup\/wp-content\/uploads\/2023\/02\/Fotos_oficina_9.jpeg 2016w\" sizes=\"(max-width: 768px) 100vw, 768px\" \/>\t\t\t\t\t\t\t\t\t\t\t\t\t\t\t<\/div>\n\t\t\t\t<\/div>\n\t\t\t\t<div class=\"elementor-element elementor-element-d5d3cdf elementor-widget elementor-widget-text-editor\" data-id=\"d5d3cdf\" data-element_type=\"widget\" data-widget_type=\"text-editor.default\">\n\t\t\t\t<div class=\"elementor-widget-container\">\n\t\t\t\t\t\t\t<p align=\"justify\">A trav\u00e9s de nuestro <a href=\"https:\/\/calfergrup.24h.pragma.es\/portal24H\/login\" target=\"_blank\" rel=\"noopener\"><strong>servicio online ADMIWEB 24H<\/strong> <\/a>, se dispondr\u00e1 de una clave personal con la cual se podr\u00e1 acceder a los datos de la comunidad y personales a cualquier hora.<\/p><p>En definitiva, con nuestra gesti\u00f3n pretendemos facilitar a todo copropietario, incluida la Junta, el buen funcionamiento interno de su Comunidad, agilizando cualquier gesti\u00f3n y consiguiendo todas las ayudas de las que legamente se pueda beneficiar tanto la comunidad como cualquier propietario.<\/p>\t\t\t\t\t\t<\/div>\n\t\t\t\t<\/div>\n\t\t\t\t\t<\/div>\n\t\t<\/div>\n\t\t\t\t\t\t\t<\/div>\n\t\t<\/section>\n\t\t\t\t\t\t\t<\/div>\n\t\t","protected":false},"excerpt":{"rendered":"<p>Nuestro despacho pone a su disposici\u00f3n un equipo humano, t\u00e9cnicamente preparado y titulado para conseguir que el resultado de nuestro trabajo cumpla, las expectativas que depositan en nosotros nuestros clientes. Para ello disponemos de los siguientes departamentos: ADMINISTRACI\u00d3N EN HORIZONTAL (COMUNIDADES DE PROPIETARIOS). ADMINISTRACI\u00d3N EN VERTICAL (ALQUILERES). ASESORAMIENTO JUR\u00cdDICO. ASESORAMIENTO CONTABLE, FISCAL Y LABORAL. \u00a0<a class=\"post-read-more\" href=\"http:\/\/51.91.127.105\/calfergrup\/administracion-de-fincas\/\">Leer m\u00e1s<\/a><\/p>\n","protected":false},"author":4,"featured_media":0,"parent":0,"menu_order":0,"comment_status":"closed","ping_status":"closed","template":"","meta":[],"yoast_head":"<!-- This site is optimized with the Yoast SEO plugin v20.6 - https:\/\/yoast.com\/wordpress\/plugins\/seo\/ -->\n<title>ADMINISTRACI\u00d3N DE FINCAS - Calfergrup<\/title>\n<meta name=\"robots\" content=\"index, follow, max-snippet:-1, max-image-preview:large, max-video-preview:-1\" \/>\n<link rel=\"canonical\" href=\"http:\/\/51.91.127.105\/calfergrup\/administracion-de-fincas\/\" \/>\n<meta property=\"og:locale\" content=\"es_ES\" \/>\n<meta property=\"og:type\" content=\"article\" \/>\n<meta property=\"og:title\" content=\"ADMINISTRACI\u00d3N DE FINCAS - Calfergrup\" \/>\n<meta property=\"og:description\" content=\"Nuestro despacho pone a su disposici\u00f3n un equipo humano, t\u00e9cnicamente preparado y titulado para conseguir que el resultado de nuestro trabajo cumpla, las expectativas que depositan en nosotros nuestros clientes. Para ello disponemos de los siguientes departamentos: ADMINISTRACI\u00d3N EN HORIZONTAL (COMUNIDADES DE PROPIETARIOS). ADMINISTRACI\u00d3N EN VERTICAL (ALQUILERES). ASESORAMIENTO JUR\u00cdDICO. ASESORAMIENTO CONTABLE, FISCAL Y LABORAL. \u00a0Leer m\u00e1s\" \/>\n<meta property=\"og:url\" content=\"http:\/\/51.91.127.105\/calfergrup\/administracion-de-fincas\/\" \/>\n<meta property=\"og:site_name\" content=\"Calfergrup\" \/>\n<meta property=\"article:modified_time\" content=\"2023-02-13T14:56:46+00:00\" \/>\n<meta property=\"og:image\" content=\"http:\/\/51.91.127.105\/calfergrup\/wp-content\/uploads\/2022\/12\/IMG-20220309-WA0010-002-1024x768.png\" \/>\n<meta name=\"twitter:card\" content=\"summary_large_image\" \/>\n<meta name=\"twitter:label1\" content=\"Tiempo de lectura\" \/>\n\t<meta name=\"twitter:data1\" content=\"2 minutos\" \/>\n<script type=\"application\/ld+json\" class=\"yoast-schema-graph\">{\"@context\":\"https:\/\/schema.org\",\"@graph\":[{\"@type\":\"WebPage\",\"@id\":\"http:\/\/51.91.127.105\/calfergrup\/administracion-de-fincas\/\",\"url\":\"http:\/\/51.91.127.105\/calfergrup\/administracion-de-fincas\/\",\"name\":\"ADMINISTRACI\u00d3N DE FINCAS - Calfergrup\",\"isPartOf\":{\"@id\":\"http:\/\/51.91.127.105\/calfergrup\/#website\"},\"datePublished\":\"2022-12-18T18:06:19+00:00\",\"dateModified\":\"2023-02-13T14:56:46+00:00\",\"breadcrumb\":{\"@id\":\"http:\/\/51.91.127.105\/calfergrup\/administracion-de-fincas\/#breadcrumb\"},\"inLanguage\":\"es\",\"potentialAction\":[{\"@type\":\"ReadAction\",\"target\":[\"http:\/\/51.91.127.105\/calfergrup\/administracion-de-fincas\/\"]}]},{\"@type\":\"BreadcrumbList\",\"@id\":\"http:\/\/51.91.127.105\/calfergrup\/administracion-de-fincas\/#breadcrumb\",\"itemListElement\":[{\"@type\":\"ListItem\",\"position\":1,\"name\":\"Home\",\"item\":\"http:\/\/51.91.127.105\/calfergrup\/\"},{\"@type\":\"ListItem\",\"position\":2,\"name\":\"ADMINISTRACI\u00d3N DE FINCAS\"}]},{\"@type\":\"WebSite\",\"@id\":\"http:\/\/51.91.127.105\/calfergrup\/#website\",\"url\":\"http:\/\/51.91.127.105\/calfergrup\/\",\"name\":\"Calfergrup\",\"description\":\"Administraci\u00f3n de Fincas Hospitalet de Llobregat, Barcelona\",\"publisher\":{\"@id\":\"http:\/\/51.91.127.105\/calfergrup\/#organization\"},\"potentialAction\":[{\"@type\":\"SearchAction\",\"target\":{\"@type\":\"EntryPoint\",\"urlTemplate\":\"http:\/\/51.91.127.105\/calfergrup\/?s={search_term_string}\"},\"query-input\":\"required name=search_term_string\"}],\"inLanguage\":\"es\"},{\"@type\":\"Organization\",\"@id\":\"http:\/\/51.91.127.105\/calfergrup\/#organization\",\"name\":\"Calfergrup\",\"url\":\"http:\/\/51.91.127.105\/calfergrup\/\",\"logo\":{\"@type\":\"ImageObject\",\"inLanguage\":\"es\",\"@id\":\"http:\/\/51.91.127.105\/calfergrup\/#\/schema\/logo\/image\/\",\"url\":\"http:\/\/51.91.127.105\/calfergrup\/wp-content\/uploads\/2022\/08\/calfer-logo-removebg-preview-1.png\",\"contentUrl\":\"http:\/\/51.91.127.105\/calfergrup\/wp-content\/uploads\/2022\/08\/calfer-logo-removebg-preview-1.png\",\"width\":250,\"height\":74,\"caption\":\"Calfergrup\"},\"image\":{\"@id\":\"http:\/\/51.91.127.105\/calfergrup\/#\/schema\/logo\/image\/\"}}]}<\/script>\n<!-- \/ Yoast SEO plugin. -->","yoast_head_json":{"title":"ADMINISTRACI\u00d3N DE FINCAS - Calfergrup","robots":{"index":"index","follow":"follow","max-snippet":"max-snippet:-1","max-image-preview":"max-image-preview:large","max-video-preview":"max-video-preview:-1"},"canonical":"http:\/\/51.91.127.105\/calfergrup\/administracion-de-fincas\/","og_locale":"es_ES","og_type":"article","og_title":"ADMINISTRACI\u00d3N DE FINCAS - Calfergrup","og_description":"Nuestro despacho pone a su disposici\u00f3n un equipo humano, t\u00e9cnicamente preparado y titulado para conseguir que el resultado de nuestro trabajo cumpla, las expectativas que depositan en nosotros nuestros clientes. Para ello disponemos de los siguientes departamentos: ADMINISTRACI\u00d3N EN HORIZONTAL (COMUNIDADES DE PROPIETARIOS). ADMINISTRACI\u00d3N EN VERTICAL (ALQUILERES). ASESORAMIENTO JUR\u00cdDICO. ASESORAMIENTO CONTABLE, FISCAL Y LABORAL. \u00a0Leer m\u00e1s","og_url":"http:\/\/51.91.127.105\/calfergrup\/administracion-de-fincas\/","og_site_name":"Calfergrup","article_modified_time":"2023-02-13T14:56:46+00:00","og_image":[{"url":"http:\/\/51.91.127.105\/calfergrup\/wp-content\/uploads\/2022\/12\/IMG-20220309-WA0010-002-1024x768.png"}],"twitter_card":"summary_large_image","twitter_misc":{"Tiempo de lectura":"2 minutos"},"schema":{"@context":"https:\/\/schema.org","@graph":[{"@type":"WebPage","@id":"http:\/\/51.91.127.105\/calfergrup\/administracion-de-fincas\/","url":"http:\/\/51.91.127.105\/calfergrup\/administracion-de-fincas\/","name":"ADMINISTRACI\u00d3N DE FINCAS - Calfergrup","isPartOf":{"@id":"http:\/\/51.91.127.105\/calfergrup\/#website"},"datePublished":"2022-12-18T18:06:19+00:00","dateModified":"2023-02-13T14:56:46+00:00","breadcrumb":{"@id":"http:\/\/51.91.127.105\/calfergrup\/administracion-de-fincas\/#breadcrumb"},"inLanguage":"es","potentialAction":[{"@type":"ReadAction","target":["http:\/\/51.91.127.105\/calfergrup\/administracion-de-fincas\/"]}]},{"@type":"BreadcrumbList","@id":"http:\/\/51.91.127.105\/calfergrup\/administracion-de-fincas\/#breadcrumb","itemListElement":[{"@type":"ListItem","position":1,"name":"Home","item":"http:\/\/51.91.127.105\/calfergrup\/"},{"@type":"ListItem","position":2,"name":"ADMINISTRACI\u00d3N DE FINCAS"}]},{"@type":"WebSite","@id":"http:\/\/51.91.127.105\/calfergrup\/#website","url":"http:\/\/51.91.127.105\/calfergrup\/","name":"Calfergrup","description":"Administraci\u00f3n de Fincas Hospitalet de Llobregat, Barcelona","publisher":{"@id":"http:\/\/51.91.127.105\/calfergrup\/#organization"},"potentialAction":[{"@type":"SearchAction","target":{"@type":"EntryPoint","urlTemplate":"http:\/\/51.91.127.105\/calfergrup\/?s={search_term_string}"},"query-input":"required name=search_term_string"}],"inLanguage":"es"},{"@type":"Organization","@id":"http:\/\/51.91.127.105\/calfergrup\/#organization","name":"Calfergrup","url":"http:\/\/51.91.127.105\/calfergrup\/","logo":{"@type":"ImageObject","inLanguage":"es","@id":"http:\/\/51.91.127.105\/calfergrup\/#\/schema\/logo\/image\/","url":"http:\/\/51.91.127.105\/calfergrup\/wp-content\/uploads\/2022\/08\/calfer-logo-removebg-preview-1.png","contentUrl":"http:\/\/51.91.127.105\/calfergrup\/wp-content\/uploads\/2022\/08\/calfer-logo-removebg-preview-1.png","width":250,"height":74,"caption":"Calfergrup"},"image":{"@id":"http:\/\/51.91.127.105\/calfergrup\/#\/schema\/logo\/image\/"}}]}},"_links":{"self":[{"href":"http:\/\/51.91.127.105\/calfergrup\/wp-json\/wp\/v2\/pages\/349"}],"collection":[{"href":"http:\/\/51.91.127.105\/calfergrup\/wp-json\/wp\/v2\/pages"}],"about":[{"href":"http:\/\/51.91.127.105\/calfergrup\/wp-json\/wp\/v2\/types\/page"}],"author":[{"embeddable":true,"href":"http:\/\/51.91.127.105\/calfergrup\/wp-json\/wp\/v2\/users\/4"}],"replies":[{"embeddable":true,"href":"http:\/\/51.91.127.105\/calfergrup\/wp-json\/wp\/v2\/comments?post=349"}],"version-history":[{"count":78,"href":"http:\/\/51.91.127.105\/calfergrup\/wp-json\/wp\/v2\/pages\/349\/revisions"}],"predecessor-version":[{"id":676,"href":"http:\/\/51.91.127.105\/calfergrup\/wp-json\/wp\/v2\/pages\/349\/revisions\/676"}],"wp:attachment":[{"href":"http:\/\/51.91.127.105\/calfergrup\/wp-json\/wp\/v2\/media?parent=349"}],"curies":[{"name":"wp","href":"https:\/\/api.w.org\/{rel}","templated":true}]}}